{"id":5,"date":"2016-10-24T11:44:52","date_gmt":"2016-10-24T08:44:52","guid":{"rendered":"http:\/\/amj.fi\/?page_id=5"},"modified":"2023-01-16T10:58:25","modified_gmt":"2023-01-16T08:58:25","slug":"etusivu","status":"publish","type":"page","link":"https:\/\/www.amj.fi\/","title":{"rendered":"Etusivu"},"content":{"rendered":"<p><strong>Tervetuloa S\u00e4hk\u00f6palvelu AMJ OY:n kotisivuille<\/strong><\/p>\n<p>S\u00e4hk\u00f6palvelu AMJ Oy on perustettu vuonna 2007. Yrityksell\u00e4 on vankka kokemus laaja-alaisesti erinlaisista s\u00e4hk\u00f6alan t\u00f6ist\u00e4. Yrityksen henkil\u00f6kunnalla on kokemusta my\u00f6s valokuitualan t\u00f6ist\u00e4 ja yhti\u00f6ss\u00e4 on laadukkaat ty\u00f6v\u00e4lineet valokuitut\u00f6ihin. 2018 alussa tapahtuneessa omistajanvaihdoksessa yhti\u00f6\u00f6n tuli my\u00f6s vuosien kansainv\u00e4linen kokemus Marine alalta, niin suurten risteilij\u00f6iden ty\u00f6maap\u00e4\u00e4llik\u00f6n,ja k\u00e4ytt\u00f6\u00f6nottoteht\u00e4vien, kuin huoltoteht\u00e4vien muodossa ymp\u00e4ri maailmaa, k\u00e4sitt\u00e4en niin s\u00e4hk\u00f6, kuin mekaaniset ty\u00f6t.<br \/>\nAMJ Oy kuuluu AA- luottoluokitukseen. Yrityksell\u00e4mme on Luotettava Kumppani \u201cstatus. Kaikki tilaajavastuun edellytt\u00e4m\u00e4t tuoreet raportit voit k\u00e4yd\u00e4 k\u00e4tev\u00e4sti katsomassa ilmaiseksi <a href=\"https:\/\/www.tilaajavastuu.fi\/pikatarkistus\/?yt=2123100-0\">tilaajavastuu.fi <\/a>\u201cpalvelusta tai klikkaamalla viereist\u00e4 Luotettava Kumppani -logoa.<\/p>\n<hr \/>\n<p><script src=\"http:\/\/www.asiakastieto.fi\/resources\/yrityslogo\/showinfo.js\"><\/script> <img loading=\"lazy\" decoding=\"async\" class=\"alignnone size-full wp-image-65\" src=\"https:\/\/amj.fi\/wp-content\/uploads\/2016\/10\/luotettava-kumppani-web-small.png\" alt=\"luotettava-kumppani-web-small\" width=\"120\" height=\"79\" \/>\u00a0<img loading=\"lazy\" decoding=\"async\" class=\"alignnone size-full wp-image-149\" src=\"https:\/\/www.amj.fi\/wp-content\/uploads\/2018\/03\/AA.jpg\" alt=\"\" width=\"135\" height=\"156\" \/><\/p>\n<hr \/>\n","protected":false},"excerpt":{"rendered":"<p>Tervetuloa S\u00e4hk\u00f6palvelu AMJ OY:n kotisivuille S\u00e4hk\u00f6palvelu AMJ Oy on perustettu vuonna 2007. Yrityksell\u00e4 on vankka kokemus laaja-alaisesti erinlaisista s\u00e4hk\u00f6alan t\u00f6ist\u00e4. Yrityksen henkil\u00f6kunnalla on kokemusta my\u00f6s valokuitualan t\u00f6ist\u00e4 ja yhti\u00f6ss\u00e4 on laadukkaat ty\u00f6v\u00e4lineet valokuitut\u00f6ihin. 2018 alussa tapahtuneessa omistajanvaihdoksessa yhti\u00f6\u00f6n tuli my\u00f6s vuosien kansainv\u00e4linen kokemus Marine alalta, niin suurten risteilij\u00f6iden ty\u00f6maap\u00e4\u00e4llik\u00f6n,ja k\u00e4ytt\u00f6\u00f6nottoteht\u00e4vien, kuin huoltoteht\u00e4vien muodossa ymp\u00e4ri maailmaa, [&hellip;]<\/p>\n","protected":false},"author":2,"featured_media":0,"parent":0,"menu_order":0,"comment_status":"closed","ping_status":"closed","template":"template-no-sidebar.php","meta":{"footnotes":""},"class_list":["post-5","page","type-page","status-publish","hentry"],"_links":{"self":[{"href":"https:\/\/www.amj.fi\/index.php\/wp-json\/wp\/v2\/pages\/5","targetHints":{"allow":["GET"]}}],"collection":[{"href":"https:\/\/www.amj.fi\/index.php\/wp-json\/wp\/v2\/pages"}],"about":[{"href":"https:\/\/www.amj.fi\/index.php\/wp-json\/wp\/v2\/types\/page"}],"author":[{"embeddable":true,"href":"https:\/\/www.amj.fi\/index.php\/wp-json\/wp\/v2\/users\/2"}],"replies":[{"embeddable":true,"href":"https:\/\/www.amj.fi\/index.php\/wp-json\/wp\/v2\/comments?post=5"}],"version-history":[{"count":26,"href":"https:\/\/www.amj.fi\/index.php\/wp-json\/wp\/v2\/pages\/5\/revisions"}],"predecessor-version":[{"id":164,"href":"https:\/\/www.amj.fi\/index.php\/wp-json\/wp\/v2\/pages\/5\/revisions\/164"}],"wp:attachment":[{"href":"https:\/\/www.amj.fi\/index.php\/wp-json\/wp\/v2\/media?parent=5"}],"curies":[{"name":"wp","href":"https:\/\/api.w.org\/{rel}","templated":true}]}}