{"id":17,"date":"2016-10-24T18:40:42","date_gmt":"2016-10-24T15:40:42","guid":{"rendered":"http:\/\/amj.fi\/?page_id=17"},"modified":"2023-01-16T11:04:33","modified_gmt":"2023-01-16T09:04:33","slug":"sahkoplavelut","status":"publish","type":"page","link":"https:\/\/www.amj.fi\/index.php\/sahkoplavelut\/","title":{"rendered":"S\u00e4hk\u00f6palvelut"},"content":{"rendered":"<p><span style=\"font-family: Verdana,Arial,Helvetica,sans-serif;\">S\u00e4hk\u00f6palvelu AMJ Oy on jo vuosien ajan tuottanut laadukasta s\u00e4hk\u00f6urakointia yksityisist\u00e4 ihmisist\u00e4, kuntiin ja kaupunkeihin<\/span>.<\/p>\n<p>Kansainv\u00e4list\u00e4 kokemusta merenkulkualalta, laivojen s\u00e4hk\u00f6j\u00e4rjestelmien asennus, k\u00e4ytt\u00f6\u00f6notto ja huoltot\u00f6ist\u00e4.<\/p>\n<p><span class=\"st\">K\u00e4yt\u00f6ss\u00e4mme on laadukkaat mittauslaitteet ja ty\u00f6kalut hyv\u00e4n ty\u00f6n toteuttamiseen<wbr \/>. Sanomattakin on selv\u00e4\u00e4, ett\u00e4 huippulaitteilla ei tee mit\u00e4\u00e4n, jos ei ole asiaansa perehtynytt\u00e4 henkil\u00f6st\u00f6\u00e4. Yrityksemme kautta saat yksil\u00f6idyn palvelun juuri teid\u00e4n tarkoituksiin r\u00e4\u00e4t\u00e4l\u00f6ityn\u00e4.<\/span><\/p>\n","protected":false},"excerpt":{"rendered":"<p>S\u00e4hk\u00f6palvelu AMJ Oy on jo vuosien ajan tuottanut laadukasta s\u00e4hk\u00f6urakointia yksityisist\u00e4 ihmisist\u00e4, kuntiin ja kaupunkeihin. Kansainv\u00e4list\u00e4 kokemusta merenkulkualalta, laivojen s\u00e4hk\u00f6j\u00e4rjestelmien asennus, k\u00e4ytt\u00f6\u00f6notto ja huoltot\u00f6ist\u00e4. K\u00e4yt\u00f6ss\u00e4mme on laadukkaat mittauslaitteet ja ty\u00f6kalut hyv\u00e4n ty\u00f6n toteuttamiseen. Sanomattakin on selv\u00e4\u00e4, ett\u00e4 huippulaitteilla ei tee mit\u00e4\u00e4n, jos ei ole asiaansa perehtynytt\u00e4 henkil\u00f6st\u00f6\u00e4. Yrityksemme kautta saat yksil\u00f6idyn palvelun juuri teid\u00e4n tarkoituksiin [&hellip;]<\/p>\n","protected":false},"author":2,"featured_media":0,"parent":0,"menu_order":0,"comment_status":"closed","ping_status":"closed","template":"template-no-sidebar.php","meta":{"footnotes":""},"class_list":["post-17","page","type-page","status-publish","hentry"],"_links":{"self":[{"href":"https:\/\/www.amj.fi\/index.php\/wp-json\/wp\/v2\/pages\/17","targetHints":{"allow":["GET"]}}],"collection":[{"href":"https:\/\/www.amj.fi\/index.php\/wp-json\/wp\/v2\/pages"}],"about":[{"href":"https:\/\/www.amj.fi\/index.php\/wp-json\/wp\/v2\/types\/page"}],"author":[{"embeddable":true,"href":"https:\/\/www.amj.fi\/index.php\/wp-json\/wp\/v2\/users\/2"}],"replies":[{"embeddable":true,"href":"https:\/\/www.amj.fi\/index.php\/wp-json\/wp\/v2\/comments?post=17"}],"version-history":[{"count":6,"href":"https:\/\/www.amj.fi\/index.php\/wp-json\/wp\/v2\/pages\/17\/revisions"}],"predecessor-version":[{"id":168,"href":"https:\/\/www.amj.fi\/index.php\/wp-json\/wp\/v2\/pages\/17\/revisions\/168"}],"wp:attachment":[{"href":"https:\/\/www.amj.fi\/index.php\/wp-json\/wp\/v2\/media?parent=17"}],"curies":[{"name":"wp","href":"https:\/\/api.w.org\/{rel}","templated":true}]}}