{"id":13,"date":"2016-10-24T18:39:32","date_gmt":"2016-10-24T15:39:32","guid":{"rendered":"http:\/\/amj.fi\/?page_id=13"},"modified":"2023-01-16T11:05:49","modified_gmt":"2023-01-16T09:05:49","slug":"kuitupalvelut","status":"publish","type":"page","link":"https:\/\/www.amj.fi\/index.php\/kuitupalvelut\/","title":{"rendered":"Kuitupalvelut"},"content":{"rendered":"<p align=\"center\"><strong><span style=\"font-family: Verdana,Arial,Helvetica,sans-serif;\">Kuitupalvelut<\/span><\/strong><\/p>\n<p align=\"left\"><span style=\"font-family: Verdana,Arial,Helvetica,sans-serif;\">AMJ Oy tarjoaa asiakkailleen laadukasta kuituhitsauspalvelua.<\/span><\/p>\n<p align=\"left\"><span style=\"font-family: Verdana,Arial,Helvetica,sans-serif;\"><br \/>\n<\/span><span style=\"font-family: Verdana,Arial,Helvetica,sans-serif;\">Laitteena k\u00e4yt\u00f6s\u00e4mme on <span style=\"color: #ffcc00;\">INNO INSTRUMENTSIN IFS-10<\/span> kuitujatkoskone.<br \/>\nIFS-10 on kuituytimen mukaan kohdistava kuituhitsauslaite.<\/span><\/p>\n<p align=\"left\"><span style=\"font-family: Verdana,Arial,Helvetica,sans-serif;\"><br \/>\nLaitteella voidaan jatkaa ja p\u00e4\u00e4tt\u00e4\u00e4 seuraavia kuitutyyppej\u00e4: SM-, MM-, DS-, NZDS-, sek\u00e4 G657B kuituja. Tarkkuusleikkuri on VF-78B.<\/span><\/p>\n<p align=\"left\"><span style=\"font-family: Verdana,Arial,Helvetica,sans-serif;\">Mittauslaitteena k\u00e4yt\u00e4mme JDSUn tehomittaparia OLS-36 ja OLP-35.<\/span><\/p>\n<p align=\"left\">Mittaparilla voidaan mitata sek\u00e4 yksi-, ett\u00e4 monimuotokuituja. Mittarilla voidaan mitata seuraavia aallonpituuksia: 850\/1300\/1310\/1550nm.<\/p>\n<p align=\"left\"><span style=\"font-family: Verdana,Arial,Helvetica,sans-serif;\"><br \/>\nHuippukalusto ja koulutettu henkil\u00f6unta takaavat laadukkaan lopputuloksen.<\/span><\/p>\n<p align=\"left\">\n<p align=\"left\">\u00a0<img loading=\"lazy\" decoding=\"async\" class=\"alignnone size-medium wp-image-68\" src=\"https:\/\/amj.fi\/wp-content\/uploads\/2016\/10\/VF-78B-215x300.png\" alt=\"vf-78b\" width=\"215\" height=\"300\" srcset=\"https:\/\/www.amj.fi\/wp-content\/uploads\/2016\/10\/VF-78B-215x300.png 215w, https:\/\/www.amj.fi\/wp-content\/uploads\/2016\/10\/VF-78B.png 229w\" sizes=\"auto, (max-width: 215px) 100vw, 215px\" \/><img loading=\"lazy\" decoding=\"async\" class=\"alignnone size-medium wp-image-64\" src=\"https:\/\/amj.fi\/wp-content\/uploads\/2016\/10\/is-10-300x230.png\" alt=\"is-10\" width=\"300\" height=\"230\" srcset=\"https:\/\/www.amj.fi\/wp-content\/uploads\/2016\/10\/is-10-300x230.png 300w, https:\/\/www.amj.fi\/wp-content\/uploads\/2016\/10\/is-10.png 486w\" sizes=\"auto, (max-width: 300px) 100vw, 300px\" \/><\/p>\n","protected":false},"excerpt":{"rendered":"<p>Kuitupalvelut AMJ Oy tarjoaa asiakkailleen laadukasta kuituhitsauspalvelua. Laitteena k\u00e4yt\u00f6s\u00e4mme on INNO INSTRUMENTSIN IFS-10 kuitujatkoskone. IFS-10 on kuituytimen mukaan kohdistava kuituhitsauslaite. Laitteella voidaan jatkaa ja p\u00e4\u00e4tt\u00e4\u00e4 seuraavia kuitutyyppej\u00e4: SM-, MM-, DS-, NZDS-, sek\u00e4 G657B kuituja. Tarkkuusleikkuri on VF-78B. Mittauslaitteena k\u00e4yt\u00e4mme JDSUn tehomittaparia OLS-36 ja OLP-35. Mittaparilla voidaan mitata sek\u00e4 yksi-, ett\u00e4 monimuotokuituja. Mittarilla voidaan mitata seuraavia [&hellip;]<\/p>\n","protected":false},"author":2,"featured_media":0,"parent":0,"menu_order":0,"comment_status":"closed","ping_status":"closed","template":"template-no-sidebar.php","meta":{"footnotes":""},"class_list":["post-13","page","type-page","status-publish","hentry"],"_links":{"self":[{"href":"https:\/\/www.amj.fi\/index.php\/wp-json\/wp\/v2\/pages\/13","targetHints":{"allow":["GET"]}}],"collection":[{"href":"https:\/\/www.amj.fi\/index.php\/wp-json\/wp\/v2\/pages"}],"about":[{"href":"https:\/\/www.amj.fi\/index.php\/wp-json\/wp\/v2\/types\/page"}],"author":[{"embeddable":true,"href":"https:\/\/www.amj.fi\/index.php\/wp-json\/wp\/v2\/users\/2"}],"replies":[{"embeddable":true,"href":"https:\/\/www.amj.fi\/index.php\/wp-json\/wp\/v2\/comments?post=13"}],"version-history":[{"count":8,"href":"https:\/\/www.amj.fi\/index.php\/wp-json\/wp\/v2\/pages\/13\/revisions"}],"predecessor-version":[{"id":170,"href":"https:\/\/www.amj.fi\/index.php\/wp-json\/wp\/v2\/pages\/13\/revisions\/170"}],"wp:attachment":[{"href":"https:\/\/www.amj.fi\/index.php\/wp-json\/wp\/v2\/media?parent=13"}],"curies":[{"name":"wp","href":"https:\/\/api.w.org\/{rel}","templated":true}]}}